{"id":102,"date":"2024-01-12T06:52:20","date_gmt":"2024-01-12T06:52:20","guid":{"rendered":"https:\/\/clubhotelolivi.ms2.decms.eu\/outdoor\/"},"modified":"2024-01-22T07:00:37","modified_gmt":"2024-01-22T07:00:37","slug":"outdoor","status":"publish","type":"page","link":"https:\/\/www.clubhotelolivi.it\/de\/outdoor\/","title":{"rendered":"Outdoor"},"content":{"rendered":"<p><i><span style=\"font-weight: 400;\">Die neue Seilbahn von Malcesine zum Monte Baldo hat einen lebhaften Impuls f\u00fcr viele sportliche Aktivit\u00e4ten gesetzt und erm\u00f6glicht, in nur 15 Minuten einen H\u00f6henunterschied von 90 m \u00fc.d.M. bis auf 1765 m zu \u00fcberwinden. Somit ist sie zum Ausgangspunkt f\u00fcr zwei Disziplinen geworden, die sich heutzutage immer gr\u00f6\u00dferer Beliebtheit erfreuen \u2013 Mountainbiken und Gleitschirmfliegen: Es gibt wohl keinen anderen Platz, von dem man mit dem Gleitschirm einen H\u00f6henunterschied von 1700 m erleben und mit dem Bike \u00fcber 50 km bew\u00e4ltigen kann, indem man den n\u00f6rdlichen Teil der Berge \u00fcberquert bis nach Torbole. F\u00fcr die Golfliebhaber gibt es im Umkreis von 30 km f\u00fcnf Golfpl\u00e4tze \u2013 Golf Ca\u00b4 degli Olivi in Garda \u2013 nach ca. 60 km: Verona Sommacampagna, Peschiera und Desenzano.<\/span><\/i><\/p>\n","protected":false},"excerpt":{"rendered":"<p>Die neue Seilbahn von Malcesine zum Monte Baldo hat einen lebhaften Impuls f\u00fcr viele sportliche Aktivit\u00e4ten gesetzt und erm\u00f6glicht, in nur 15 Minuten einen H\u00f6henunterschied von 90 m \u00fc.d.M. bis auf 1765 m zu \u00fcberwinden. Somit ist sie zum Ausgangspunkt f\u00fcr zwei Disziplinen geworden, die sich heutzutage immer gr\u00f6\u00dferer Beliebtheit erfreuen \u2013 Mountainbiken und Gleitschirmfliegen: [&hellip;]<\/p>\n","protected":false},"author":11,"featured_media":0,"parent":0,"menu_order":52,"comment_status":"closed","ping_status":"closed","template":"","meta":{"footnotes":""},"yoast_head":"<!-- This site is optimized with the Yoast SEO plugin v22.3 - https:\/\/yoast.com\/wordpress\/plugins\/seo\/ -->\n<title>Outdoor - Club Hotel Olivi<\/title>\n<meta name=\"robots\" content=\"index, follow, max-snippet:-1, max-image-preview:large, max-video-preview:-1\" \/>\n<link rel=\"canonical\" href=\"https:\/\/www.clubhotelolivi.it\/de\/outdoor\/\" \/>\n<meta property=\"og:locale\" content=\"de_DE\" \/>\n<meta property=\"og:type\" content=\"article\" \/>\n<meta property=\"og:title\" content=\"Outdoor - Club Hotel Olivi\" \/>\n<meta property=\"og:description\" content=\"Die neue Seilbahn von Malcesine zum Monte Baldo hat einen lebhaften Impuls f\u00fcr viele sportliche Aktivit\u00e4ten gesetzt und erm\u00f6glicht, in nur 15 Minuten einen H\u00f6henunterschied von 90 m \u00fc.d.M. bis auf 1765 m zu \u00fcberwinden. Somit ist sie zum Ausgangspunkt f\u00fcr zwei Disziplinen geworden, die sich heutzutage immer gr\u00f6\u00dferer Beliebtheit erfreuen \u2013 Mountainbiken und Gleitschirmfliegen: [&hellip;]\" \/>\n<meta property=\"og:url\" content=\"https:\/\/www.clubhotelolivi.it\/de\/outdoor\/\" \/>\n<meta property=\"og:site_name\" content=\"Club Hotel Olivi\" \/>\n<meta property=\"article:modified_time\" content=\"2024-01-22T07:00:37+00:00\" \/>\n<meta name=\"twitter:card\" content=\"summary_large_image\" \/>\n<meta name=\"twitter:label1\" content=\"Gesch\u00e4tzte Lesezeit\" \/>\n\t<meta name=\"twitter:data1\" content=\"1 Minute\" \/>\n<script type=\"application\/ld+json\" class=\"yoast-schema-graph\">{\"@context\":\"https:\/\/schema.org\",\"@graph\":[{\"@type\":\"WebPage\",\"@id\":\"https:\/\/www.clubhotelolivi.it\/de\/outdoor\/\",\"url\":\"https:\/\/www.clubhotelolivi.it\/de\/outdoor\/\",\"name\":\"Outdoor - Club Hotel Olivi\",\"isPartOf\":{\"@id\":\"https:\/\/www.clubhotelolivi.it\/de\/#website\"},\"datePublished\":\"2024-01-12T06:52:20+00:00\",\"dateModified\":\"2024-01-22T07:00:37+00:00\",\"breadcrumb\":{\"@id\":\"https:\/\/www.clubhotelolivi.it\/de\/outdoor\/#breadcrumb\"},\"inLanguage\":\"de-DE\",\"potentialAction\":[{\"@type\":\"ReadAction\",\"target\":[\"https:\/\/www.clubhotelolivi.it\/de\/outdoor\/\"]}]},{\"@type\":\"BreadcrumbList\",\"@id\":\"https:\/\/www.clubhotelolivi.it\/de\/outdoor\/#breadcrumb\",\"itemListElement\":[{\"@type\":\"ListItem\",\"position\":1,\"name\":\"Home\",\"item\":\"https:\/\/www.clubhotelolivi.it\/de\/\"},{\"@type\":\"ListItem\",\"position\":2,\"name\":\"Outdoor\"}]},{\"@type\":\"WebSite\",\"@id\":\"https:\/\/www.clubhotelolivi.it\/de\/#website\",\"url\":\"https:\/\/www.clubhotelolivi.it\/de\/\",\"name\":\"Club Hotel Olivi\",\"description\":\"\",\"potentialAction\":[{\"@type\":\"SearchAction\",\"target\":{\"@type\":\"EntryPoint\",\"urlTemplate\":\"https:\/\/www.clubhotelolivi.it\/de\/?s={search_term_string}\"},\"query-input\":\"required name=search_term_string\"}],\"inLanguage\":\"de-DE\"}]}<\/script>\n<!-- \/ Yoast SEO plugin. -->","yoast_head_json":{"title":"Outdoor - Club Hotel Olivi","robots":{"index":"index","follow":"follow","max-snippet":"max-snippet:-1","max-image-preview":"max-image-preview:large","max-video-preview":"max-video-preview:-1"},"canonical":"https:\/\/www.clubhotelolivi.it\/de\/outdoor\/","og_locale":"de_DE","og_type":"article","og_title":"Outdoor - Club Hotel Olivi","og_description":"Die neue Seilbahn von Malcesine zum Monte Baldo hat einen lebhaften Impuls f\u00fcr viele sportliche Aktivit\u00e4ten gesetzt und erm\u00f6glicht, in nur 15 Minuten einen H\u00f6henunterschied von 90 m \u00fc.d.M. bis auf 1765 m zu \u00fcberwinden. Somit ist sie zum Ausgangspunkt f\u00fcr zwei Disziplinen geworden, die sich heutzutage immer gr\u00f6\u00dferer Beliebtheit erfreuen \u2013 Mountainbiken und Gleitschirmfliegen: [&hellip;]","og_url":"https:\/\/www.clubhotelolivi.it\/de\/outdoor\/","og_site_name":"Club Hotel Olivi","article_modified_time":"2024-01-22T07:00:37+00:00","twitter_card":"summary_large_image","twitter_misc":{"Gesch\u00e4tzte Lesezeit":"1 Minute"},"schema":{"@context":"https:\/\/schema.org","@graph":[{"@type":"WebPage","@id":"https:\/\/www.clubhotelolivi.it\/de\/outdoor\/","url":"https:\/\/www.clubhotelolivi.it\/de\/outdoor\/","name":"Outdoor - Club Hotel Olivi","isPartOf":{"@id":"https:\/\/www.clubhotelolivi.it\/de\/#website"},"datePublished":"2024-01-12T06:52:20+00:00","dateModified":"2024-01-22T07:00:37+00:00","breadcrumb":{"@id":"https:\/\/www.clubhotelolivi.it\/de\/outdoor\/#breadcrumb"},"inLanguage":"de-DE","potentialAction":[{"@type":"ReadAction","target":["https:\/\/www.clubhotelolivi.it\/de\/outdoor\/"]}]},{"@type":"BreadcrumbList","@id":"https:\/\/www.clubhotelolivi.it\/de\/outdoor\/#breadcrumb","itemListElement":[{"@type":"ListItem","position":1,"name":"Home","item":"https:\/\/www.clubhotelolivi.it\/de\/"},{"@type":"ListItem","position":2,"name":"Outdoor"}]},{"@type":"WebSite","@id":"https:\/\/www.clubhotelolivi.it\/de\/#website","url":"https:\/\/www.clubhotelolivi.it\/de\/","name":"Club Hotel Olivi","description":"","potentialAction":[{"@type":"SearchAction","target":{"@type":"EntryPoint","urlTemplate":"https:\/\/www.clubhotelolivi.it\/de\/?s={search_term_string}"},"query-input":"required name=search_term_string"}],"inLanguage":"de-DE"}]}},"acf":[],"_links":{"self":[{"href":"https:\/\/www.clubhotelolivi.it\/de\/wp-json\/wp\/v2\/pages\/102"}],"collection":[{"href":"https:\/\/www.clubhotelolivi.it\/de\/wp-json\/wp\/v2\/pages"}],"about":[{"href":"https:\/\/www.clubhotelolivi.it\/de\/wp-json\/wp\/v2\/types\/page"}],"author":[{"embeddable":true,"href":"https:\/\/www.clubhotelolivi.it\/de\/wp-json\/wp\/v2\/users\/11"}],"replies":[{"embeddable":true,"href":"https:\/\/www.clubhotelolivi.it\/de\/wp-json\/wp\/v2\/comments?post=102"}],"version-history":[{"count":0,"href":"https:\/\/www.clubhotelolivi.it\/de\/wp-json\/wp\/v2\/pages\/102\/revisions"}],"wp:attachment":[{"href":"https:\/\/www.clubhotelolivi.it\/de\/wp-json\/wp\/v2\/media?parent=102"}],"curies":[{"name":"wp","href":"https:\/\/api.w.org\/{rel}","templated":true}]}}