{"id":108,"date":"2024-01-12T07:04:16","date_gmt":"2024-01-12T07:04:16","guid":{"rendered":"https:\/\/clubhotelolivi.ms2.decms.eu\/ristorante\/"},"modified":"2024-01-12T07:27:13","modified_gmt":"2024-01-12T07:27:13","slug":"restaurant","status":"publish","type":"page","link":"https:\/\/www.clubhotelolivi.it\/de\/bar-restaurant\/restaurant\/","title":{"rendered":"Restaurant"},"content":{"rendered":"<div class=\"wpb_text_column wpb_content_element \">\n<div class=\"wpb_wrapper\">\n<p>Unser Restaurant, auf der stetigen Suche nach Kreativit\u00e4t, hat seine Wurzeln in der\u00a0<strong>typisch italienischen, \u00fcberwiegend mediterranen Tradition<\/strong>. Ohne diese aus den Augen zu verlieren, werden Qualit\u00e4t und Originalit\u00e4t bewahrt und auf moderne Art immer wieder neue Ideen und Anregungen umgesetzt. Sie haben die Auswahl aus einem<strong>\u00a0umfangreichen Sortiment von Weinen<\/strong>\u00a0der\u00a0<strong>lokalen Kellereien<\/strong>wie Bardolino, Lugana und Bianco di Custoza \u2013 aber auch der Veroneser Weine Soave und Valpolicella sowie von Weinen aus dem Trentino, dem Teroldego Rotaliano \u2013 nat\u00fcrlich ohne die bekannten italienischen Rebsorten Amarone, Brunello di Montalcino und Barbaresco zu vergessen.<\/p>\n<\/div>\n<\/div>\n","protected":false},"excerpt":{"rendered":"<p>Unser Restaurant, auf der stetigen Suche nach Kreativit\u00e4t, hat seine Wurzeln in der\u00a0typisch italienischen, \u00fcberwiegend mediterranen Tradition. Ohne diese aus den Augen zu verlieren, werden Qualit\u00e4t und Originalit\u00e4t bewahrt und auf moderne Art immer wieder neue Ideen und Anregungen umgesetzt. Sie haben die Auswahl aus einem\u00a0umfangreichen Sortiment von Weinen\u00a0der\u00a0lokalen Kellereienwie Bardolino, Lugana und Bianco di [&hellip;]<\/p>\n","protected":false},"author":11,"featured_media":0,"parent":287,"menu_order":61,"comment_status":"closed","ping_status":"closed","template":"template-single-restaurant.php","meta":{"footnotes":""},"class_list":["post-108","page","type-page","status-publish","hentry"],"yoast_head":"<!-- This site is optimized with the Yoast SEO plugin v27.3 - https:\/\/yoast.com\/product\/yoast-seo-wordpress\/ -->\n<title>Restaurant - Club Hotel Olivi<\/title>\n<meta name=\"robots\" content=\"index, follow, max-snippet:-1, max-image-preview:large, max-video-preview:-1\" \/>\n<link rel=\"canonical\" href=\"https:\/\/www.clubhotelolivi.it\/de\/bar-restaurant\/restaurant\/\" \/>\n<meta property=\"og:locale\" content=\"de_DE\" \/>\n<meta property=\"og:type\" content=\"article\" \/>\n<meta property=\"og:title\" content=\"Restaurant - Club Hotel Olivi\" \/>\n<meta property=\"og:description\" content=\"Unser Restaurant, auf der stetigen Suche nach Kreativit\u00e4t, hat seine Wurzeln in der\u00a0typisch italienischen, \u00fcberwiegend mediterranen Tradition. Ohne diese aus den Augen zu verlieren, werden Qualit\u00e4t und Originalit\u00e4t bewahrt und auf moderne Art immer wieder neue Ideen und Anregungen umgesetzt. Sie haben die Auswahl aus einem\u00a0umfangreichen Sortiment von Weinen\u00a0der\u00a0lokalen Kellereienwie Bardolino, Lugana und Bianco di [&hellip;]\" \/>\n<meta property=\"og:url\" content=\"https:\/\/www.clubhotelolivi.it\/de\/bar-restaurant\/restaurant\/\" \/>\n<meta property=\"og:site_name\" content=\"Club Hotel Olivi\" \/>\n<meta property=\"article:modified_time\" content=\"2024-01-12T07:27:13+00:00\" \/>\n<meta name=\"twitter:card\" content=\"summary_large_image\" \/>\n<script type=\"application\/ld+json\" class=\"yoast-schema-graph\">{\"@context\":\"https:\\\/\\\/schema.org\",\"@graph\":[{\"@type\":\"WebPage\",\"@id\":\"https:\\\/\\\/www.clubhotelolivi.it\\\/de\\\/bar-restaurant\\\/restaurant\\\/\",\"url\":\"https:\\\/\\\/www.clubhotelolivi.it\\\/de\\\/bar-restaurant\\\/restaurant\\\/\",\"name\":\"Restaurant - Club Hotel Olivi\",\"isPartOf\":{\"@id\":\"https:\\\/\\\/www.clubhotelolivi.it\\\/de\\\/#website\"},\"datePublished\":\"2024-01-12T07:04:16+00:00\",\"dateModified\":\"2024-01-12T07:27:13+00:00\",\"breadcrumb\":{\"@id\":\"https:\\\/\\\/www.clubhotelolivi.it\\\/de\\\/bar-restaurant\\\/restaurant\\\/#breadcrumb\"},\"inLanguage\":\"de-DE\",\"potentialAction\":[{\"@type\":\"ReadAction\",\"target\":[\"https:\\\/\\\/www.clubhotelolivi.it\\\/de\\\/bar-restaurant\\\/restaurant\\\/\"]}]},{\"@type\":\"BreadcrumbList\",\"@id\":\"https:\\\/\\\/www.clubhotelolivi.it\\\/de\\\/bar-restaurant\\\/restaurant\\\/#breadcrumb\",\"itemListElement\":[{\"@type\":\"ListItem\",\"position\":1,\"name\":\"Home\",\"item\":\"https:\\\/\\\/www.clubhotelolivi.it\\\/de\\\/\"},{\"@type\":\"ListItem\",\"position\":2,\"name\":\"Bar &#038; Restaurant\",\"item\":\"https:\\\/\\\/www.clubhotelolivi.it\\\/de\\\/bar-restaurant\\\/\"},{\"@type\":\"ListItem\",\"position\":3,\"name\":\"Restaurant\"}]},{\"@type\":\"WebSite\",\"@id\":\"https:\\\/\\\/www.clubhotelolivi.it\\\/de\\\/#website\",\"url\":\"https:\\\/\\\/www.clubhotelolivi.it\\\/de\\\/\",\"name\":\"Club Hotel Olivi\",\"description\":\"\",\"potentialAction\":[{\"@type\":\"SearchAction\",\"target\":{\"@type\":\"EntryPoint\",\"urlTemplate\":\"https:\\\/\\\/www.clubhotelolivi.it\\\/de\\\/?s={search_term_string}\"},\"query-input\":{\"@type\":\"PropertyValueSpecification\",\"valueRequired\":true,\"valueName\":\"search_term_string\"}}],\"inLanguage\":\"de-DE\"}]}<\/script>\n<!-- \/ Yoast SEO plugin. -->","yoast_head_json":{"title":"Restaurant - Club Hotel Olivi","robots":{"index":"index","follow":"follow","max-snippet":"max-snippet:-1","max-image-preview":"max-image-preview:large","max-video-preview":"max-video-preview:-1"},"canonical":"https:\/\/www.clubhotelolivi.it\/de\/bar-restaurant\/restaurant\/","og_locale":"de_DE","og_type":"article","og_title":"Restaurant - Club Hotel Olivi","og_description":"Unser Restaurant, auf der stetigen Suche nach Kreativit\u00e4t, hat seine Wurzeln in der\u00a0typisch italienischen, \u00fcberwiegend mediterranen Tradition. Ohne diese aus den Augen zu verlieren, werden Qualit\u00e4t und Originalit\u00e4t bewahrt und auf moderne Art immer wieder neue Ideen und Anregungen umgesetzt. Sie haben die Auswahl aus einem\u00a0umfangreichen Sortiment von Weinen\u00a0der\u00a0lokalen Kellereienwie Bardolino, Lugana und Bianco di [&hellip;]","og_url":"https:\/\/www.clubhotelolivi.it\/de\/bar-restaurant\/restaurant\/","og_site_name":"Club Hotel Olivi","article_modified_time":"2024-01-12T07:27:13+00:00","twitter_card":"summary_large_image","schema":{"@context":"https:\/\/schema.org","@graph":[{"@type":"WebPage","@id":"https:\/\/www.clubhotelolivi.it\/de\/bar-restaurant\/restaurant\/","url":"https:\/\/www.clubhotelolivi.it\/de\/bar-restaurant\/restaurant\/","name":"Restaurant - Club Hotel Olivi","isPartOf":{"@id":"https:\/\/www.clubhotelolivi.it\/de\/#website"},"datePublished":"2024-01-12T07:04:16+00:00","dateModified":"2024-01-12T07:27:13+00:00","breadcrumb":{"@id":"https:\/\/www.clubhotelolivi.it\/de\/bar-restaurant\/restaurant\/#breadcrumb"},"inLanguage":"de-DE","potentialAction":[{"@type":"ReadAction","target":["https:\/\/www.clubhotelolivi.it\/de\/bar-restaurant\/restaurant\/"]}]},{"@type":"BreadcrumbList","@id":"https:\/\/www.clubhotelolivi.it\/de\/bar-restaurant\/restaurant\/#breadcrumb","itemListElement":[{"@type":"ListItem","position":1,"name":"Home","item":"https:\/\/www.clubhotelolivi.it\/de\/"},{"@type":"ListItem","position":2,"name":"Bar &#038; Restaurant","item":"https:\/\/www.clubhotelolivi.it\/de\/bar-restaurant\/"},{"@type":"ListItem","position":3,"name":"Restaurant"}]},{"@type":"WebSite","@id":"https:\/\/www.clubhotelolivi.it\/de\/#website","url":"https:\/\/www.clubhotelolivi.it\/de\/","name":"Club Hotel Olivi","description":"","potentialAction":[{"@type":"SearchAction","target":{"@type":"EntryPoint","urlTemplate":"https:\/\/www.clubhotelolivi.it\/de\/?s={search_term_string}"},"query-input":{"@type":"PropertyValueSpecification","valueRequired":true,"valueName":"search_term_string"}}],"inLanguage":"de-DE"}]}},"acf":[],"_links":{"self":[{"href":"https:\/\/www.clubhotelolivi.it\/de\/wp-json\/wp\/v2\/pages\/108","targetHints":{"allow":["GET"]}}],"collection":[{"href":"https:\/\/www.clubhotelolivi.it\/de\/wp-json\/wp\/v2\/pages"}],"about":[{"href":"https:\/\/www.clubhotelolivi.it\/de\/wp-json\/wp\/v2\/types\/page"}],"author":[{"embeddable":true,"href":"https:\/\/www.clubhotelolivi.it\/de\/wp-json\/wp\/v2\/users\/11"}],"replies":[{"embeddable":true,"href":"https:\/\/www.clubhotelolivi.it\/de\/wp-json\/wp\/v2\/comments?post=108"}],"version-history":[{"count":0,"href":"https:\/\/www.clubhotelolivi.it\/de\/wp-json\/wp\/v2\/pages\/108\/revisions"}],"up":[{"embeddable":true,"href":"https:\/\/www.clubhotelolivi.it\/de\/wp-json\/wp\/v2\/pages\/287"}],"wp:attachment":[{"href":"https:\/\/www.clubhotelolivi.it\/de\/wp-json\/wp\/v2\/media?parent=108"}],"curies":[{"name":"wp","href":"https:\/\/api.w.org\/{rel}","templated":true}]}}