{"id":125,"date":"2024-01-12T08:52:12","date_gmt":"2024-01-12T08:52:12","guid":{"rendered":"https:\/\/clubhotelolivi.ms2.decms.eu\/malcesine-e-dintorni\/"},"modified":"2024-01-22T06:57:33","modified_gmt":"2024-01-22T06:57:33","slug":"malcesine-und-umgebung","status":"publish","type":"page","link":"https:\/\/www.clubhotelolivi.it\/de\/wie-erreichen-sie-uns\/malcesine-und-umgebung\/","title":{"rendered":"Malcesine und Umgebung"},"content":{"rendered":"<p><i><span style=\"font-weight: 400;\">Eingebettet in die einzigartige Landschaft des Gardasees, bieten Ihnen unsere Tennispl\u00e4tze die M\u00f6glichkeit, Ihren Lieblingssport in einer einzigartigen und stimmungsvollen Umgebung zu spielen. Egal, ob Sie ein Anf\u00e4nger sind, der auf der Suche nach spannenden Lektionen ist, oder ein erfahrener Spieler, der seine F\u00e4higkeiten perfektionieren m\u00f6chte, das Club Hotel Olivi hat alles, was Sie brauchen, um Ihr Tenniserlebnis zu einem unvergesslichen Erlebnis zu machen.<\/span><\/i><\/p>\n","protected":false},"excerpt":{"rendered":"<p>Eingebettet in die einzigartige Landschaft des Gardasees, bieten Ihnen unsere Tennispl\u00e4tze die M\u00f6glichkeit, Ihren Lieblingssport in einer einzigartigen und stimmungsvollen Umgebung zu spielen. Egal, ob Sie ein Anf\u00e4nger sind, der auf der Suche nach spannenden Lektionen ist, oder ein erfahrener Spieler, der seine F\u00e4higkeiten perfektionieren m\u00f6chte, das Club Hotel Olivi hat alles, was Sie brauchen, [&hellip;]<\/p>\n","protected":false},"author":11,"featured_media":0,"parent":8,"menu_order":16,"comment_status":"closed","ping_status":"closed","template":"","meta":{"footnotes":""},"class_list":["post-125","page","type-page","status-publish","hentry"],"yoast_head":"<!-- This site is optimized with the Yoast SEO plugin v27.3 - https:\/\/yoast.com\/product\/yoast-seo-wordpress\/ -->\n<title>Malcesine und Umgebung - Club Hotel Olivi<\/title>\n<meta name=\"robots\" content=\"index, follow, max-snippet:-1, max-image-preview:large, max-video-preview:-1\" \/>\n<link rel=\"canonical\" href=\"https:\/\/www.clubhotelolivi.it\/de\/wie-erreichen-sie-uns\/malcesine-und-umgebung\/\" \/>\n<meta property=\"og:locale\" content=\"de_DE\" \/>\n<meta property=\"og:type\" content=\"article\" \/>\n<meta property=\"og:title\" content=\"Malcesine und Umgebung - Club Hotel Olivi\" \/>\n<meta property=\"og:description\" content=\"Eingebettet in die einzigartige Landschaft des Gardasees, bieten Ihnen unsere Tennispl\u00e4tze die M\u00f6glichkeit, Ihren Lieblingssport in einer einzigartigen und stimmungsvollen Umgebung zu spielen. Egal, ob Sie ein Anf\u00e4nger sind, der auf der Suche nach spannenden Lektionen ist, oder ein erfahrener Spieler, der seine F\u00e4higkeiten perfektionieren m\u00f6chte, das Club Hotel Olivi hat alles, was Sie brauchen, [&hellip;]\" \/>\n<meta property=\"og:url\" content=\"https:\/\/www.clubhotelolivi.it\/de\/wie-erreichen-sie-uns\/malcesine-und-umgebung\/\" \/>\n<meta property=\"og:site_name\" content=\"Club Hotel Olivi\" \/>\n<meta property=\"article:modified_time\" content=\"2024-01-22T06:57:33+00:00\" \/>\n<meta name=\"twitter:card\" content=\"summary_large_image\" \/>\n<script type=\"application\/ld+json\" class=\"yoast-schema-graph\">{\"@context\":\"https:\\\/\\\/schema.org\",\"@graph\":[{\"@type\":\"WebPage\",\"@id\":\"https:\\\/\\\/www.clubhotelolivi.it\\\/de\\\/wie-erreichen-sie-uns\\\/malcesine-und-umgebung\\\/\",\"url\":\"https:\\\/\\\/www.clubhotelolivi.it\\\/de\\\/wie-erreichen-sie-uns\\\/malcesine-und-umgebung\\\/\",\"name\":\"Malcesine und Umgebung - Club Hotel Olivi\",\"isPartOf\":{\"@id\":\"https:\\\/\\\/www.clubhotelolivi.it\\\/de\\\/#website\"},\"datePublished\":\"2024-01-12T08:52:12+00:00\",\"dateModified\":\"2024-01-22T06:57:33+00:00\",\"breadcrumb\":{\"@id\":\"https:\\\/\\\/www.clubhotelolivi.it\\\/de\\\/wie-erreichen-sie-uns\\\/malcesine-und-umgebung\\\/#breadcrumb\"},\"inLanguage\":\"de-DE\",\"potentialAction\":[{\"@type\":\"ReadAction\",\"target\":[\"https:\\\/\\\/www.clubhotelolivi.it\\\/de\\\/wie-erreichen-sie-uns\\\/malcesine-und-umgebung\\\/\"]}]},{\"@type\":\"BreadcrumbList\",\"@id\":\"https:\\\/\\\/www.clubhotelolivi.it\\\/de\\\/wie-erreichen-sie-uns\\\/malcesine-und-umgebung\\\/#breadcrumb\",\"itemListElement\":[{\"@type\":\"ListItem\",\"position\":1,\"name\":\"Home\",\"item\":\"https:\\\/\\\/www.clubhotelolivi.it\\\/de\\\/\"},{\"@type\":\"ListItem\",\"position\":2,\"name\":\"Wie erreichen sie uns\",\"item\":\"https:\\\/\\\/www.clubhotelolivi.it\\\/de\\\/wie-erreichen-sie-uns\\\/\"},{\"@type\":\"ListItem\",\"position\":3,\"name\":\"Malcesine und Umgebung\"}]},{\"@type\":\"WebSite\",\"@id\":\"https:\\\/\\\/www.clubhotelolivi.it\\\/de\\\/#website\",\"url\":\"https:\\\/\\\/www.clubhotelolivi.it\\\/de\\\/\",\"name\":\"Club Hotel Olivi\",\"description\":\"\",\"potentialAction\":[{\"@type\":\"SearchAction\",\"target\":{\"@type\":\"EntryPoint\",\"urlTemplate\":\"https:\\\/\\\/www.clubhotelolivi.it\\\/de\\\/?s={search_term_string}\"},\"query-input\":{\"@type\":\"PropertyValueSpecification\",\"valueRequired\":true,\"valueName\":\"search_term_string\"}}],\"inLanguage\":\"de-DE\"}]}<\/script>\n<!-- \/ Yoast SEO plugin. -->","yoast_head_json":{"title":"Malcesine und Umgebung - Club Hotel Olivi","robots":{"index":"index","follow":"follow","max-snippet":"max-snippet:-1","max-image-preview":"max-image-preview:large","max-video-preview":"max-video-preview:-1"},"canonical":"https:\/\/www.clubhotelolivi.it\/de\/wie-erreichen-sie-uns\/malcesine-und-umgebung\/","og_locale":"de_DE","og_type":"article","og_title":"Malcesine und Umgebung - Club Hotel Olivi","og_description":"Eingebettet in die einzigartige Landschaft des Gardasees, bieten Ihnen unsere Tennispl\u00e4tze die M\u00f6glichkeit, Ihren Lieblingssport in einer einzigartigen und stimmungsvollen Umgebung zu spielen. Egal, ob Sie ein Anf\u00e4nger sind, der auf der Suche nach spannenden Lektionen ist, oder ein erfahrener Spieler, der seine F\u00e4higkeiten perfektionieren m\u00f6chte, das Club Hotel Olivi hat alles, was Sie brauchen, [&hellip;]","og_url":"https:\/\/www.clubhotelolivi.it\/de\/wie-erreichen-sie-uns\/malcesine-und-umgebung\/","og_site_name":"Club Hotel Olivi","article_modified_time":"2024-01-22T06:57:33+00:00","twitter_card":"summary_large_image","schema":{"@context":"https:\/\/schema.org","@graph":[{"@type":"WebPage","@id":"https:\/\/www.clubhotelolivi.it\/de\/wie-erreichen-sie-uns\/malcesine-und-umgebung\/","url":"https:\/\/www.clubhotelolivi.it\/de\/wie-erreichen-sie-uns\/malcesine-und-umgebung\/","name":"Malcesine und Umgebung - Club Hotel Olivi","isPartOf":{"@id":"https:\/\/www.clubhotelolivi.it\/de\/#website"},"datePublished":"2024-01-12T08:52:12+00:00","dateModified":"2024-01-22T06:57:33+00:00","breadcrumb":{"@id":"https:\/\/www.clubhotelolivi.it\/de\/wie-erreichen-sie-uns\/malcesine-und-umgebung\/#breadcrumb"},"inLanguage":"de-DE","potentialAction":[{"@type":"ReadAction","target":["https:\/\/www.clubhotelolivi.it\/de\/wie-erreichen-sie-uns\/malcesine-und-umgebung\/"]}]},{"@type":"BreadcrumbList","@id":"https:\/\/www.clubhotelolivi.it\/de\/wie-erreichen-sie-uns\/malcesine-und-umgebung\/#breadcrumb","itemListElement":[{"@type":"ListItem","position":1,"name":"Home","item":"https:\/\/www.clubhotelolivi.it\/de\/"},{"@type":"ListItem","position":2,"name":"Wie erreichen sie uns","item":"https:\/\/www.clubhotelolivi.it\/de\/wie-erreichen-sie-uns\/"},{"@type":"ListItem","position":3,"name":"Malcesine und Umgebung"}]},{"@type":"WebSite","@id":"https:\/\/www.clubhotelolivi.it\/de\/#website","url":"https:\/\/www.clubhotelolivi.it\/de\/","name":"Club Hotel Olivi","description":"","potentialAction":[{"@type":"SearchAction","target":{"@type":"EntryPoint","urlTemplate":"https:\/\/www.clubhotelolivi.it\/de\/?s={search_term_string}"},"query-input":{"@type":"PropertyValueSpecification","valueRequired":true,"valueName":"search_term_string"}}],"inLanguage":"de-DE"}]}},"acf":[],"_links":{"self":[{"href":"https:\/\/www.clubhotelolivi.it\/de\/wp-json\/wp\/v2\/pages\/125","targetHints":{"allow":["GET"]}}],"collection":[{"href":"https:\/\/www.clubhotelolivi.it\/de\/wp-json\/wp\/v2\/pages"}],"about":[{"href":"https:\/\/www.clubhotelolivi.it\/de\/wp-json\/wp\/v2\/types\/page"}],"author":[{"embeddable":true,"href":"https:\/\/www.clubhotelolivi.it\/de\/wp-json\/wp\/v2\/users\/11"}],"replies":[{"embeddable":true,"href":"https:\/\/www.clubhotelolivi.it\/de\/wp-json\/wp\/v2\/comments?post=125"}],"version-history":[{"count":0,"href":"https:\/\/www.clubhotelolivi.it\/de\/wp-json\/wp\/v2\/pages\/125\/revisions"}],"up":[{"embeddable":true,"href":"https:\/\/www.clubhotelolivi.it\/de\/wp-json\/wp\/v2\/pages\/8"}],"wp:attachment":[{"href":"https:\/\/www.clubhotelolivi.it\/de\/wp-json\/wp\/v2\/media?parent=125"}],"curies":[{"name":"wp","href":"https:\/\/api.w.org\/{rel}","templated":true}]}}