{"id":42,"date":"2024-01-11T17:23:29","date_gmt":"2024-01-11T17:23:29","guid":{"rendered":"https:\/\/clubhotelolivi.ms2.decms.eu\/zimmer\/mansarda\/"},"modified":"2024-07-29T08:25:42","modified_gmt":"2024-07-29T08:25:42","slug":"mansarda","status":"publish","type":"page","link":"https:\/\/www.clubhotelolivi.it\/de\/zimmer\/mansarda\/","title":{"rendered":"Mansarda"},"content":{"rendered":"<p><strong><span lang=\"DE\">Mansardenzimmer sind Schr\u00e4gdachzimmer<\/span><\/strong><span lang=\"DE\">, modern eingerichtet mit Laminatboden und Tannenm\u00f6beln. Sie bieten Platz f\u00fcr\u00a0<\/span><strong><span lang=\"DE\">zwei Personen<\/span><\/strong><span lang=\"DE\">\u00a0(25 m\u00b2), mit der M\u00f6glichkeit, eine Schlafcouch f\u00fcr eine dritte Person hinzuzuf\u00fcgen (auf Anfrage).<u><\/u><u><\/u><\/span><\/p>\n<p><strong><span lang=\"DE\">Ausstattung:<\/span><\/strong><span lang=\"DE\">\u00a0Klimaanlage, Satellitenkan\u00e4le, Safe, Minibar, Haartrockner, Bad oder Dusche und kostenloser WIFI-Anschluss.<u><\/u><u><\/u><\/span><\/p>\n<p><span lang=\"DE\">Nicht-Raucher-Zimmer, <\/span>befinden sich im 4 Stock ohne Aufzug.<\/p>\n<p>&nbsp;<\/p>\n","protected":false},"excerpt":{"rendered":"<p>Mansardenzimmer sind Schr\u00e4gdachzimmer, modern eingerichtet mit Laminatboden und Tannenm\u00f6beln. Sie bieten Platz f\u00fcr\u00a0zwei Personen\u00a0(25 m\u00b2), mit der M\u00f6glichkeit, eine Schlafcouch f\u00fcr eine dritte Person hinzuzuf\u00fcgen (auf Anfrage). Ausstattung:\u00a0Klimaanlage, Satellitenkan\u00e4le, Safe, Minibar, Haartrockner, Bad oder Dusche und kostenloser WIFI-Anschluss. Nicht-Raucher-Zimmer, befinden sich im 4 Stock ohne Aufzug. &nbsp;<\/p>\n","protected":false},"author":11,"featured_media":0,"parent":24,"menu_order":23,"comment_status":"closed","ping_status":"closed","template":"template-single-room.php","meta":{"footnotes":""},"yoast_head":"<!-- This site is optimized with the Yoast SEO plugin v22.3 - https:\/\/yoast.com\/wordpress\/plugins\/seo\/ -->\n<title>Mansarda - Club Hotel Olivi<\/title>\n<meta name=\"robots\" content=\"index, follow, max-snippet:-1, max-image-preview:large, max-video-preview:-1\" \/>\n<link rel=\"canonical\" href=\"https:\/\/www.clubhotelolivi.it\/de\/zimmer\/mansarda\/\" \/>\n<meta property=\"og:locale\" content=\"de_DE\" \/>\n<meta property=\"og:type\" content=\"article\" \/>\n<meta property=\"og:title\" content=\"Mansarda - Club Hotel Olivi\" \/>\n<meta property=\"og:description\" content=\"Mansardenzimmer sind Schr\u00e4gdachzimmer, modern eingerichtet mit Laminatboden und Tannenm\u00f6beln. Sie bieten Platz f\u00fcr\u00a0zwei Personen\u00a0(25 m\u00b2), mit der M\u00f6glichkeit, eine Schlafcouch f\u00fcr eine dritte Person hinzuzuf\u00fcgen (auf Anfrage). Ausstattung:\u00a0Klimaanlage, Satellitenkan\u00e4le, Safe, Minibar, Haartrockner, Bad oder Dusche und kostenloser WIFI-Anschluss. Nicht-Raucher-Zimmer, befinden sich im 4 Stock ohne Aufzug. &nbsp;\" \/>\n<meta property=\"og:url\" content=\"https:\/\/www.clubhotelolivi.it\/de\/zimmer\/mansarda\/\" \/>\n<meta property=\"og:site_name\" content=\"Club Hotel Olivi\" \/>\n<meta property=\"article:modified_time\" content=\"2024-07-29T08:25:42+00:00\" \/>\n<meta name=\"twitter:card\" content=\"summary_large_image\" \/>\n<meta name=\"twitter:label1\" content=\"Gesch\u00e4tzte Lesezeit\" \/>\n\t<meta name=\"twitter:data1\" content=\"1 Minute\" \/>\n<script type=\"application\/ld+json\" class=\"yoast-schema-graph\">{\"@context\":\"https:\/\/schema.org\",\"@graph\":[{\"@type\":\"WebPage\",\"@id\":\"https:\/\/www.clubhotelolivi.it\/de\/zimmer\/mansarda\/\",\"url\":\"https:\/\/www.clubhotelolivi.it\/de\/zimmer\/mansarda\/\",\"name\":\"Mansarda - Club Hotel Olivi\",\"isPartOf\":{\"@id\":\"https:\/\/www.clubhotelolivi.it\/de\/#website\"},\"datePublished\":\"2024-01-11T17:23:29+00:00\",\"dateModified\":\"2024-07-29T08:25:42+00:00\",\"breadcrumb\":{\"@id\":\"https:\/\/www.clubhotelolivi.it\/de\/zimmer\/mansarda\/#breadcrumb\"},\"inLanguage\":\"de-DE\",\"potentialAction\":[{\"@type\":\"ReadAction\",\"target\":[\"https:\/\/www.clubhotelolivi.it\/de\/zimmer\/mansarda\/\"]}]},{\"@type\":\"BreadcrumbList\",\"@id\":\"https:\/\/www.clubhotelolivi.it\/de\/zimmer\/mansarda\/#breadcrumb\",\"itemListElement\":[{\"@type\":\"ListItem\",\"position\":1,\"name\":\"Home\",\"item\":\"https:\/\/www.clubhotelolivi.it\/de\/\"},{\"@type\":\"ListItem\",\"position\":2,\"name\":\"Zimmer\",\"item\":\"https:\/\/www.clubhotelolivi.it\/de\/zimmer\/\"},{\"@type\":\"ListItem\",\"position\":3,\"name\":\"Mansarda\"}]},{\"@type\":\"WebSite\",\"@id\":\"https:\/\/www.clubhotelolivi.it\/de\/#website\",\"url\":\"https:\/\/www.clubhotelolivi.it\/de\/\",\"name\":\"Club Hotel Olivi\",\"description\":\"\",\"potentialAction\":[{\"@type\":\"SearchAction\",\"target\":{\"@type\":\"EntryPoint\",\"urlTemplate\":\"https:\/\/www.clubhotelolivi.it\/de\/?s={search_term_string}\"},\"query-input\":\"required name=search_term_string\"}],\"inLanguage\":\"de-DE\"}]}<\/script>\n<!-- \/ Yoast SEO plugin. -->","yoast_head_json":{"title":"Mansarda - Club Hotel Olivi","robots":{"index":"index","follow":"follow","max-snippet":"max-snippet:-1","max-image-preview":"max-image-preview:large","max-video-preview":"max-video-preview:-1"},"canonical":"https:\/\/www.clubhotelolivi.it\/de\/zimmer\/mansarda\/","og_locale":"de_DE","og_type":"article","og_title":"Mansarda - Club Hotel Olivi","og_description":"Mansardenzimmer sind Schr\u00e4gdachzimmer, modern eingerichtet mit Laminatboden und Tannenm\u00f6beln. Sie bieten Platz f\u00fcr\u00a0zwei Personen\u00a0(25 m\u00b2), mit der M\u00f6glichkeit, eine Schlafcouch f\u00fcr eine dritte Person hinzuzuf\u00fcgen (auf Anfrage). Ausstattung:\u00a0Klimaanlage, Satellitenkan\u00e4le, Safe, Minibar, Haartrockner, Bad oder Dusche und kostenloser WIFI-Anschluss. Nicht-Raucher-Zimmer, befinden sich im 4 Stock ohne Aufzug. &nbsp;","og_url":"https:\/\/www.clubhotelolivi.it\/de\/zimmer\/mansarda\/","og_site_name":"Club Hotel Olivi","article_modified_time":"2024-07-29T08:25:42+00:00","twitter_card":"summary_large_image","twitter_misc":{"Gesch\u00e4tzte Lesezeit":"1 Minute"},"schema":{"@context":"https:\/\/schema.org","@graph":[{"@type":"WebPage","@id":"https:\/\/www.clubhotelolivi.it\/de\/zimmer\/mansarda\/","url":"https:\/\/www.clubhotelolivi.it\/de\/zimmer\/mansarda\/","name":"Mansarda - Club Hotel Olivi","isPartOf":{"@id":"https:\/\/www.clubhotelolivi.it\/de\/#website"},"datePublished":"2024-01-11T17:23:29+00:00","dateModified":"2024-07-29T08:25:42+00:00","breadcrumb":{"@id":"https:\/\/www.clubhotelolivi.it\/de\/zimmer\/mansarda\/#breadcrumb"},"inLanguage":"de-DE","potentialAction":[{"@type":"ReadAction","target":["https:\/\/www.clubhotelolivi.it\/de\/zimmer\/mansarda\/"]}]},{"@type":"BreadcrumbList","@id":"https:\/\/www.clubhotelolivi.it\/de\/zimmer\/mansarda\/#breadcrumb","itemListElement":[{"@type":"ListItem","position":1,"name":"Home","item":"https:\/\/www.clubhotelolivi.it\/de\/"},{"@type":"ListItem","position":2,"name":"Zimmer","item":"https:\/\/www.clubhotelolivi.it\/de\/zimmer\/"},{"@type":"ListItem","position":3,"name":"Mansarda"}]},{"@type":"WebSite","@id":"https:\/\/www.clubhotelolivi.it\/de\/#website","url":"https:\/\/www.clubhotelolivi.it\/de\/","name":"Club Hotel Olivi","description":"","potentialAction":[{"@type":"SearchAction","target":{"@type":"EntryPoint","urlTemplate":"https:\/\/www.clubhotelolivi.it\/de\/?s={search_term_string}"},"query-input":"required name=search_term_string"}],"inLanguage":"de-DE"}]}},"acf":[],"_links":{"self":[{"href":"https:\/\/www.clubhotelolivi.it\/de\/wp-json\/wp\/v2\/pages\/42"}],"collection":[{"href":"https:\/\/www.clubhotelolivi.it\/de\/wp-json\/wp\/v2\/pages"}],"about":[{"href":"https:\/\/www.clubhotelolivi.it\/de\/wp-json\/wp\/v2\/types\/page"}],"author":[{"embeddable":true,"href":"https:\/\/www.clubhotelolivi.it\/de\/wp-json\/wp\/v2\/users\/11"}],"replies":[{"embeddable":true,"href":"https:\/\/www.clubhotelolivi.it\/de\/wp-json\/wp\/v2\/comments?post=42"}],"version-history":[{"count":0,"href":"https:\/\/www.clubhotelolivi.it\/de\/wp-json\/wp\/v2\/pages\/42\/revisions"}],"up":[{"embeddable":true,"href":"https:\/\/www.clubhotelolivi.it\/de\/wp-json\/wp\/v2\/pages\/24"}],"wp:attachment":[{"href":"https:\/\/www.clubhotelolivi.it\/de\/wp-json\/wp\/v2\/media?parent=42"}],"curies":[{"name":"wp","href":"https:\/\/api.w.org\/{rel}","templated":true}]}}