{"id":53,"date":"2024-01-11T17:39:33","date_gmt":"2024-01-11T17:39:33","guid":{"rendered":"https:\/\/clubhotelolivi.ms2.decms.eu\/zimmer\/comfort-senza-balcone\/"},"modified":"2024-01-11T17:49:11","modified_gmt":"2024-01-11T17:49:11","slug":"comfort-ohne-balkon","status":"publish","type":"page","link":"https:\/\/www.clubhotelolivi.it\/de\/zimmer\/comfort-ohne-balkon\/","title":{"rendered":"Comfort ohne Balkon"},"content":{"rendered":"<p>Die\u00a0<strong>Comfort Zimmer der Residence ohne Balkon<\/strong>\u00a0sind mit Laminatm\u00f6beln und -b\u00f6den ausgestattet. Sie k\u00f6nnen maximal\u00a0<strong>zwei Personen<\/strong>\u00a0beherbergen (15-17 m\u00b2).<\/p>\n<p><strong>Ausstattung:<\/strong>\u00a0Klimaanlage, Satellitenkan\u00e4le, Safe, Minibar, Haartrockner, Bad oder Dusche und kostenloses WIFI.<br \/>\nNicht-Raucher-Zimmer.<\/p>\n","protected":false},"excerpt":{"rendered":"<p>Die\u00a0Comfort Zimmer der Residence ohne Balkon\u00a0sind mit Laminatm\u00f6beln und -b\u00f6den ausgestattet. Sie k\u00f6nnen maximal\u00a0zwei Personen\u00a0beherbergen (15-17 m\u00b2). Ausstattung:\u00a0Klimaanlage, Satellitenkan\u00e4le, Safe, Minibar, Haartrockner, Bad oder Dusche und kostenloses WIFI. Nicht-Raucher-Zimmer.<\/p>\n","protected":false},"author":11,"featured_media":0,"parent":24,"menu_order":25,"comment_status":"closed","ping_status":"closed","template":"template-single-room.php","meta":{"footnotes":""},"class_list":["post-53","page","type-page","status-publish","hentry"],"yoast_head":"<!-- This site is optimized with the Yoast SEO plugin v27.3 - https:\/\/yoast.com\/product\/yoast-seo-wordpress\/ -->\n<title>Comfort ohne Balkon - Club Hotel Olivi<\/title>\n<meta name=\"robots\" content=\"index, follow, max-snippet:-1, max-image-preview:large, max-video-preview:-1\" \/>\n<link rel=\"canonical\" href=\"https:\/\/www.clubhotelolivi.it\/de\/zimmer\/comfort-ohne-balkon\/\" \/>\n<meta property=\"og:locale\" content=\"de_DE\" \/>\n<meta property=\"og:type\" content=\"article\" \/>\n<meta property=\"og:title\" content=\"Comfort ohne Balkon - Club Hotel Olivi\" \/>\n<meta property=\"og:description\" content=\"Die\u00a0Comfort Zimmer der Residence ohne Balkon\u00a0sind mit Laminatm\u00f6beln und -b\u00f6den ausgestattet. Sie k\u00f6nnen maximal\u00a0zwei Personen\u00a0beherbergen (15-17 m\u00b2). Ausstattung:\u00a0Klimaanlage, Satellitenkan\u00e4le, Safe, Minibar, Haartrockner, Bad oder Dusche und kostenloses WIFI. Nicht-Raucher-Zimmer.\" \/>\n<meta property=\"og:url\" content=\"https:\/\/www.clubhotelolivi.it\/de\/zimmer\/comfort-ohne-balkon\/\" \/>\n<meta property=\"og:site_name\" content=\"Club Hotel Olivi\" \/>\n<meta property=\"article:modified_time\" content=\"2024-01-11T17:49:11+00:00\" \/>\n<meta name=\"twitter:card\" content=\"summary_large_image\" \/>\n<script type=\"application\/ld+json\" class=\"yoast-schema-graph\">{\"@context\":\"https:\\\/\\\/schema.org\",\"@graph\":[{\"@type\":\"WebPage\",\"@id\":\"https:\\\/\\\/www.clubhotelolivi.it\\\/de\\\/zimmer\\\/comfort-ohne-balkon\\\/\",\"url\":\"https:\\\/\\\/www.clubhotelolivi.it\\\/de\\\/zimmer\\\/comfort-ohne-balkon\\\/\",\"name\":\"Comfort ohne Balkon - Club Hotel Olivi\",\"isPartOf\":{\"@id\":\"https:\\\/\\\/www.clubhotelolivi.it\\\/de\\\/#website\"},\"datePublished\":\"2024-01-11T17:39:33+00:00\",\"dateModified\":\"2024-01-11T17:49:11+00:00\",\"breadcrumb\":{\"@id\":\"https:\\\/\\\/www.clubhotelolivi.it\\\/de\\\/zimmer\\\/comfort-ohne-balkon\\\/#breadcrumb\"},\"inLanguage\":\"de-DE\",\"potentialAction\":[{\"@type\":\"ReadAction\",\"target\":[\"https:\\\/\\\/www.clubhotelolivi.it\\\/de\\\/zimmer\\\/comfort-ohne-balkon\\\/\"]}]},{\"@type\":\"BreadcrumbList\",\"@id\":\"https:\\\/\\\/www.clubhotelolivi.it\\\/de\\\/zimmer\\\/comfort-ohne-balkon\\\/#breadcrumb\",\"itemListElement\":[{\"@type\":\"ListItem\",\"position\":1,\"name\":\"Home\",\"item\":\"https:\\\/\\\/www.clubhotelolivi.it\\\/de\\\/\"},{\"@type\":\"ListItem\",\"position\":2,\"name\":\"Zimmer\",\"item\":\"https:\\\/\\\/www.clubhotelolivi.it\\\/de\\\/zimmer\\\/\"},{\"@type\":\"ListItem\",\"position\":3,\"name\":\"Comfort ohne Balkon\"}]},{\"@type\":\"WebSite\",\"@id\":\"https:\\\/\\\/www.clubhotelolivi.it\\\/de\\\/#website\",\"url\":\"https:\\\/\\\/www.clubhotelolivi.it\\\/de\\\/\",\"name\":\"Club Hotel Olivi\",\"description\":\"\",\"potentialAction\":[{\"@type\":\"SearchAction\",\"target\":{\"@type\":\"EntryPoint\",\"urlTemplate\":\"https:\\\/\\\/www.clubhotelolivi.it\\\/de\\\/?s={search_term_string}\"},\"query-input\":{\"@type\":\"PropertyValueSpecification\",\"valueRequired\":true,\"valueName\":\"search_term_string\"}}],\"inLanguage\":\"de-DE\"}]}<\/script>\n<!-- \/ Yoast SEO plugin. -->","yoast_head_json":{"title":"Comfort ohne Balkon - Club Hotel Olivi","robots":{"index":"index","follow":"follow","max-snippet":"max-snippet:-1","max-image-preview":"max-image-preview:large","max-video-preview":"max-video-preview:-1"},"canonical":"https:\/\/www.clubhotelolivi.it\/de\/zimmer\/comfort-ohne-balkon\/","og_locale":"de_DE","og_type":"article","og_title":"Comfort ohne Balkon - Club Hotel Olivi","og_description":"Die\u00a0Comfort Zimmer der Residence ohne Balkon\u00a0sind mit Laminatm\u00f6beln und -b\u00f6den ausgestattet. Sie k\u00f6nnen maximal\u00a0zwei Personen\u00a0beherbergen (15-17 m\u00b2). Ausstattung:\u00a0Klimaanlage, Satellitenkan\u00e4le, Safe, Minibar, Haartrockner, Bad oder Dusche und kostenloses WIFI. Nicht-Raucher-Zimmer.","og_url":"https:\/\/www.clubhotelolivi.it\/de\/zimmer\/comfort-ohne-balkon\/","og_site_name":"Club Hotel Olivi","article_modified_time":"2024-01-11T17:49:11+00:00","twitter_card":"summary_large_image","schema":{"@context":"https:\/\/schema.org","@graph":[{"@type":"WebPage","@id":"https:\/\/www.clubhotelolivi.it\/de\/zimmer\/comfort-ohne-balkon\/","url":"https:\/\/www.clubhotelolivi.it\/de\/zimmer\/comfort-ohne-balkon\/","name":"Comfort ohne Balkon - Club Hotel Olivi","isPartOf":{"@id":"https:\/\/www.clubhotelolivi.it\/de\/#website"},"datePublished":"2024-01-11T17:39:33+00:00","dateModified":"2024-01-11T17:49:11+00:00","breadcrumb":{"@id":"https:\/\/www.clubhotelolivi.it\/de\/zimmer\/comfort-ohne-balkon\/#breadcrumb"},"inLanguage":"de-DE","potentialAction":[{"@type":"ReadAction","target":["https:\/\/www.clubhotelolivi.it\/de\/zimmer\/comfort-ohne-balkon\/"]}]},{"@type":"BreadcrumbList","@id":"https:\/\/www.clubhotelolivi.it\/de\/zimmer\/comfort-ohne-balkon\/#breadcrumb","itemListElement":[{"@type":"ListItem","position":1,"name":"Home","item":"https:\/\/www.clubhotelolivi.it\/de\/"},{"@type":"ListItem","position":2,"name":"Zimmer","item":"https:\/\/www.clubhotelolivi.it\/de\/zimmer\/"},{"@type":"ListItem","position":3,"name":"Comfort ohne Balkon"}]},{"@type":"WebSite","@id":"https:\/\/www.clubhotelolivi.it\/de\/#website","url":"https:\/\/www.clubhotelolivi.it\/de\/","name":"Club Hotel Olivi","description":"","potentialAction":[{"@type":"SearchAction","target":{"@type":"EntryPoint","urlTemplate":"https:\/\/www.clubhotelolivi.it\/de\/?s={search_term_string}"},"query-input":{"@type":"PropertyValueSpecification","valueRequired":true,"valueName":"search_term_string"}}],"inLanguage":"de-DE"}]}},"acf":[],"_links":{"self":[{"href":"https:\/\/www.clubhotelolivi.it\/de\/wp-json\/wp\/v2\/pages\/53","targetHints":{"allow":["GET"]}}],"collection":[{"href":"https:\/\/www.clubhotelolivi.it\/de\/wp-json\/wp\/v2\/pages"}],"about":[{"href":"https:\/\/www.clubhotelolivi.it\/de\/wp-json\/wp\/v2\/types\/page"}],"author":[{"embeddable":true,"href":"https:\/\/www.clubhotelolivi.it\/de\/wp-json\/wp\/v2\/users\/11"}],"replies":[{"embeddable":true,"href":"https:\/\/www.clubhotelolivi.it\/de\/wp-json\/wp\/v2\/comments?post=53"}],"version-history":[{"count":0,"href":"https:\/\/www.clubhotelolivi.it\/de\/wp-json\/wp\/v2\/pages\/53\/revisions"}],"up":[{"embeddable":true,"href":"https:\/\/www.clubhotelolivi.it\/de\/wp-json\/wp\/v2\/pages\/24"}],"wp:attachment":[{"href":"https:\/\/www.clubhotelolivi.it\/de\/wp-json\/wp\/v2\/media?parent=53"}],"curies":[{"name":"wp","href":"https:\/\/api.w.org\/{rel}","templated":true}]}}